{"id":9270,"date":"2022-09-07T11:25:26","date_gmt":"2022-09-07T10:25:26","guid":{"rendered":"https:\/\/www.damast.it\/?page_id=9270"},"modified":"2022-09-09T13:56:59","modified_gmt":"2022-09-09T12:56:59","slug":"damast-nel-metaverso","status":"publish","type":"page","link":"https:\/\/www.damast.it\/en\/damast-nel-metaverso\/","title":{"rendered":"Damast nel Metaverso"},"content":{"rendered":"\n<center><h2 class=\"has-text-align-center\"><br><br>Scopri il mondo di Damast e della Doccetteria<\/h2><\/center>\n\n\n\n<style>\n\n.containervideo {\n  position: relative;\n  overflow: hidden;\n  width: 100%;\n  padding-top: 56.25%; \/* 16:9 Aspect Ratio (divide 9 by 16 = 0.5625) *\/\n}\n\n\/* Then style the iframe to fit in the container div with full height and width *\/\n.responsive-iframe {\n  position: absolute;\n  top: 0;\n  left: 0;\n  bottom: 0;\n  right: 0;\n  width: 100%;\n  height: 100%;\n}\n\n<\/style>\n\n\n<div class=\"containervideo\">\n  <iframe class=\"responsive-iframe\" src=\"https:\/\/www.youtube.com\/embed\/DbwngpbIVmc\"><\/iframe>\n<\/div>\n\n\n\n<hr class=\"wp-block-separator has-alpha-channel-opacity\"\/>\n\n\n<div  class=\"theme_ section section-image-and-text-on-2-columns my-5  image-and-text-on-2-columns align\" data-block_63189cc2a95fc>\n  <div class=\"row align-items-center d-flex flex-row align-items-stretch\">\n        <div data-aos=\"fade-right\" class=\"col-md-6 text-center mb-8   offgrid-image     image-column\">\n      <div class=\"  \">\n              <img loading=\"lazy\" decoding=\"async\" src=\"https:\/\/www.damast.it\/wp-content\/uploads\/2022\/09\/meta2.jpg\" srcset=\"https:\/\/www.damast.it\/wp-content\/uploads\/2022\/09\/meta2.jpg 612w, https:\/\/www.damast.it\/wp-content\/uploads\/2022\/09\/meta2-300x184.jpg 300w, https:\/\/www.damast.it\/wp-content\/uploads\/2022\/09\/meta2-96x59.jpg 96w, https:\/\/www.damast.it\/wp-content\/uploads\/2022\/09\/meta2-192x118.jpg 192w, https:\/\/www.damast.it\/wp-content\/uploads\/2022\/09\/meta2-244x150.jpg 244w, https:\/\/www.damast.it\/wp-content\/uploads\/2022\/09\/meta2-384x235.jpg 384w, https:\/\/www.damast.it\/wp-content\/uploads\/2022\/09\/meta2-488x299.jpg 488w, https:\/\/www.damast.it\/wp-content\/uploads\/2022\/09\/meta2-600x368.jpg 600w\" alt=\"Crypto Virtual Museum and Metaverse internet NFT display as a futuristic streaming media symbol as augmented reality and computer media concept in a 3D illustration style.\" class=\"w-100 column-image \" width=\"612\" height=\"375\">            <\/div>\n    <\/div>\n        <div class=\"col-md-5 mb-8  offset-md-1  d-flex flex-column justify-content-center\">\n      <div>\n                                                  <h3 data-aos=\"fade-up\" class=\"heading column-title mb-2\">\n                      Cos&#8217; \u00e8 il Metaverso?\n                    <\/h3>\n                                    <div class=\"column-content mb-5\">\n            <p><!-- wp:paragraph --><\/p>\n<p>La parola Metaverso ha origine negli anni 90, da un romanzo di Neal Stephenson. La nascita di questa parola rappresenta la rivoluzione. Proprio per questo si comincia a parlare di internet 3.0, perch\u00e9 la nascita del Metaverso sancisce l\u2019inizio di un nuovo internet. Pi\u00f9 grande, pi\u00f9 esperienziale e pi\u00f9 ampio.<\/p>\n<p>Nasce una nuova dimensione, anzi una meta-dimensione, che ci mette a disposizione una moltitudine di spazi virtuali fatta non solo per essere esplorata ma pensata proprio per immergerci dentro.<\/p>\n<p>Un mondo virtuale alternativo a quello reale dove ci incontriamo con gli altri e possiamo interagire, dove ogni nostra azione determina una conseguenza nell\u2019ambiente e nei presenti.<\/p>\n<p><!-- \/wp:paragraph --><\/p>\n\n          <\/div>\n                         \n      <\/div>\n    <\/div>\n  <\/div>\n<\/div>\n\n\n\n<div  class=\"theme_ section section-image-and-text-on-2-columns my-5  image-and-text-on-2-columns align\" data-block_631b09faf432e>\n  <div class=\"row align-items-center d-flex flex-row align-items-stretch\">\n        <div data-aos=\"fade-left\" class=\"col-md-6 text-center mb-8  offset-md-1 order-md-2   offgrid-image     image-column\">\n      <div class=\"  \">\n              <img loading=\"lazy\" decoding=\"async\" src=\"https:\/\/www.damast.it\/wp-content\/uploads\/2022\/09\/metaversebanner.jpg\" srcset=\"https:\/\/www.damast.it\/wp-content\/uploads\/2022\/09\/metaversebanner.jpg 740w, https:\/\/www.damast.it\/wp-content\/uploads\/2022\/09\/metaversebanner-300x120.jpg 300w, https:\/\/www.damast.it\/wp-content\/uploads\/2022\/09\/metaversebanner-96x38.jpg 96w, https:\/\/www.damast.it\/wp-content\/uploads\/2022\/09\/metaversebanner-192x77.jpg 192w, https:\/\/www.damast.it\/wp-content\/uploads\/2022\/09\/metaversebanner-244x98.jpg 244w, https:\/\/www.damast.it\/wp-content\/uploads\/2022\/09\/metaversebanner-384x154.jpg 384w, https:\/\/www.damast.it\/wp-content\/uploads\/2022\/09\/metaversebanner-488x195.jpg 488w, https:\/\/www.damast.it\/wp-content\/uploads\/2022\/09\/metaversebanner-600x240.jpg 600w\" alt=\"\" class=\"w-100 column-image \" width=\"740\" height=\"296\">            <\/div>\n    <\/div>\n        <div class=\"col-md-5 mb-8  order-md-1  d-flex flex-column justify-content-center\">\n      <div>\n                                                  <h3 data-aos=\"fade-up\" class=\"heading column-title mb-2\">\n                      Perch\u00e8 il Metaverso?\n                    <\/h3>\n                                    <div class=\"column-content mb-5\">\n            <p><!-- wp:paragraph --><\/p>\n<p>Il metaverso \u00e8 un universo digitale frutto di molteplici elementi tecnologici tra cui video,\u00a0<a href=\"https:\/\/www.digital4.biz\/executive\/realta-virtuale-e-aumentata-cosa-sono-differenze-ed-esempi\/\">realt\u00e0 virtuale e realt\u00e0 aumenta<\/a>. Nel metaverso, gli utenti accedono tramite visori 3d e vivono delle esperienze virtuali: possono creare degli avatar realistici, incontrare altri utenti, creare oggetti o propriet\u00e0 virtuali, andare a concerti, conferenze, viaggiare e altro.<\/p>\n<p><strong>Il Metaverso\u00a0<\/strong>si sviluppa nel digitale, l<strong>a sua materia \u00e8 composta dai dati e dalle informazioni<\/strong>, in stretta correlazione con l\u2019universo dell\u2019oggettivo, la sua struttura \u00e8\u00a0<strong>spazio-temporale<\/strong>, la stessa dell\u2019universo fisico. \u00c8 una struttura composta da lunghezza, larghezza, profondit\u00e0 e tempo: il\u00a0<strong>cyberspazio,<\/strong>\u00a0sostanzialmente un universo creato e alimentato dalle reti globali di comunicazione.<\/p>\n<p><!-- \/wp:paragraph --><\/p>\n\n          <\/div>\n                         \n      <\/div>\n    <\/div>\n  <\/div>\n<\/div>\n\n","protected":false},"excerpt":{"rendered":"<p>Scopri il mondo di Damast e della Doccetteria<\/p>\n","protected":false},"author":4,"featured_media":0,"parent":0,"menu_order":0,"comment_status":"closed","ping_status":"closed","template":"","meta":{"_acf_changed":false,"footnotes":""},"acf":[],"yoast_head":"<!-- This site is optimized with the Yoast SEO plugin v24.2 - https:\/\/yoast.com\/wordpress\/plugins\/seo\/ -->\n<title>Damast nel Metaverso - Damast<\/title>\n<meta name=\"robots\" content=\"index, follow, max-snippet:-1, max-image-preview:large, max-video-preview:-1\" \/>\n<link rel=\"canonical\" href=\"https:\/\/www.damast.it\/en\/damast-nel-metaverso\/\" \/>\n<meta property=\"og:locale\" content=\"en_US\" \/>\n<meta property=\"og:type\" content=\"article\" \/>\n<meta property=\"og:title\" content=\"Damast nel Metaverso - Damast\" \/>\n<meta property=\"og:description\" content=\"Scopri il mondo di Damast e della Doccetteria\" \/>\n<meta property=\"og:url\" content=\"https:\/\/www.damast.it\/en\/damast-nel-metaverso\/\" \/>\n<meta property=\"og:site_name\" content=\"Damast\" \/>\n<meta property=\"article:publisher\" content=\"https:\/\/www.facebook.com\/Damastdoccetteria\" \/>\n<meta property=\"article:modified_time\" content=\"2022-09-09T12:56:59+00:00\" \/>\n<meta name=\"twitter:card\" content=\"summary_large_image\" \/>\n<meta name=\"twitter:site\" content=\"@DamastSrl\" \/>\n<meta name=\"twitter:label1\" content=\"Est. reading time\" \/>\n\t<meta name=\"twitter:data1\" content=\"1 minute\" \/>\n<script type=\"application\/ld+json\" class=\"yoast-schema-graph\">{\"@context\":\"https:\/\/schema.org\",\"@graph\":[{\"@type\":\"WebPage\",\"@id\":\"https:\/\/www.damast.it\/en\/damast-nel-metaverso\/\",\"url\":\"https:\/\/www.damast.it\/en\/damast-nel-metaverso\/\",\"name\":\"Damast nel Metaverso - Damast\",\"isPartOf\":{\"@id\":\"https:\/\/www.damast.it\/en\/#website\"},\"datePublished\":\"2022-09-07T10:25:26+00:00\",\"dateModified\":\"2022-09-09T12:56:59+00:00\",\"breadcrumb\":{\"@id\":\"https:\/\/www.damast.it\/en\/damast-nel-metaverso\/#breadcrumb\"},\"inLanguage\":\"en-US\",\"potentialAction\":[{\"@type\":\"ReadAction\",\"target\":[\"https:\/\/www.damast.it\/en\/damast-nel-metaverso\/\"]}]},{\"@type\":\"BreadcrumbList\",\"@id\":\"https:\/\/www.damast.it\/en\/damast-nel-metaverso\/#breadcrumb\",\"itemListElement\":[{\"@type\":\"ListItem\",\"position\":1,\"name\":\"Home\",\"item\":\"https:\/\/www.damast.it\/en\/\"},{\"@type\":\"ListItem\",\"position\":2,\"name\":\"Damast nel Metaverso\"}]},{\"@type\":\"WebSite\",\"@id\":\"https:\/\/www.damast.it\/en\/#website\",\"url\":\"https:\/\/www.damast.it\/en\/\",\"name\":\"Damast\",\"description\":\"La Doccetteria Italiana\",\"publisher\":{\"@id\":\"https:\/\/www.damast.it\/en\/#organization\"},\"potentialAction\":[{\"@type\":\"SearchAction\",\"target\":{\"@type\":\"EntryPoint\",\"urlTemplate\":\"https:\/\/www.damast.it\/en\/?s={search_term_string}\"},\"query-input\":{\"@type\":\"PropertyValueSpecification\",\"valueRequired\":true,\"valueName\":\"search_term_string\"}}],\"inLanguage\":\"en-US\"},{\"@type\":\"Organization\",\"@id\":\"https:\/\/www.damast.it\/en\/#organization\",\"name\":\"Damast srl\",\"url\":\"https:\/\/www.damast.it\/en\/\",\"logo\":{\"@type\":\"ImageObject\",\"inLanguage\":\"en-US\",\"@id\":\"https:\/\/www.damast.it\/en\/#\/schema\/logo\/image\/\",\"url\":\"https:\/\/www.damast.it\/wp-content\/uploads\/2022\/07\/DAMAST-LOGO-DOCETTERIA.jpg\",\"contentUrl\":\"https:\/\/www.damast.it\/wp-content\/uploads\/2022\/07\/DAMAST-LOGO-DOCETTERIA.jpg\",\"width\":694,\"height\":188,\"caption\":\"Damast srl\"},\"image\":{\"@id\":\"https:\/\/www.damast.it\/en\/#\/schema\/logo\/image\/\"},\"sameAs\":[\"https:\/\/www.facebook.com\/Damastdoccetteria\",\"https:\/\/x.com\/DamastSrl\",\"https:\/\/www.instagram.com\/damastsrl\/\",\"https:\/\/www.linkedin.com\/company\/damast\/\"]}]}<\/script>\n<!-- \/ Yoast SEO plugin. -->","yoast_head_json":{"title":"Damast nel Metaverso - Damast","robots":{"index":"index","follow":"follow","max-snippet":"max-snippet:-1","max-image-preview":"max-image-preview:large","max-video-preview":"max-video-preview:-1"},"canonical":"https:\/\/www.damast.it\/en\/damast-nel-metaverso\/","og_locale":"en_US","og_type":"article","og_title":"Damast nel Metaverso - Damast","og_description":"Scopri il mondo di Damast e della Doccetteria","og_url":"https:\/\/www.damast.it\/en\/damast-nel-metaverso\/","og_site_name":"Damast","article_publisher":"https:\/\/www.facebook.com\/Damastdoccetteria","article_modified_time":"2022-09-09T12:56:59+00:00","twitter_card":"summary_large_image","twitter_site":"@DamastSrl","twitter_misc":{"Est. reading time":"1 minute"},"schema":{"@context":"https:\/\/schema.org","@graph":[{"@type":"WebPage","@id":"https:\/\/www.damast.it\/en\/damast-nel-metaverso\/","url":"https:\/\/www.damast.it\/en\/damast-nel-metaverso\/","name":"Damast nel Metaverso - Damast","isPartOf":{"@id":"https:\/\/www.damast.it\/en\/#website"},"datePublished":"2022-09-07T10:25:26+00:00","dateModified":"2022-09-09T12:56:59+00:00","breadcrumb":{"@id":"https:\/\/www.damast.it\/en\/damast-nel-metaverso\/#breadcrumb"},"inLanguage":"en-US","potentialAction":[{"@type":"ReadAction","target":["https:\/\/www.damast.it\/en\/damast-nel-metaverso\/"]}]},{"@type":"BreadcrumbList","@id":"https:\/\/www.damast.it\/en\/damast-nel-metaverso\/#breadcrumb","itemListElement":[{"@type":"ListItem","position":1,"name":"Home","item":"https:\/\/www.damast.it\/en\/"},{"@type":"ListItem","position":2,"name":"Damast nel Metaverso"}]},{"@type":"WebSite","@id":"https:\/\/www.damast.it\/en\/#website","url":"https:\/\/www.damast.it\/en\/","name":"Damast","description":"La Doccetteria Italiana","publisher":{"@id":"https:\/\/www.damast.it\/en\/#organization"},"potentialAction":[{"@type":"SearchAction","target":{"@type":"EntryPoint","urlTemplate":"https:\/\/www.damast.it\/en\/?s={search_term_string}"},"query-input":{"@type":"PropertyValueSpecification","valueRequired":true,"valueName":"search_term_string"}}],"inLanguage":"en-US"},{"@type":"Organization","@id":"https:\/\/www.damast.it\/en\/#organization","name":"Damast srl","url":"https:\/\/www.damast.it\/en\/","logo":{"@type":"ImageObject","inLanguage":"en-US","@id":"https:\/\/www.damast.it\/en\/#\/schema\/logo\/image\/","url":"https:\/\/www.damast.it\/wp-content\/uploads\/2022\/07\/DAMAST-LOGO-DOCETTERIA.jpg","contentUrl":"https:\/\/www.damast.it\/wp-content\/uploads\/2022\/07\/DAMAST-LOGO-DOCETTERIA.jpg","width":694,"height":188,"caption":"Damast srl"},"image":{"@id":"https:\/\/www.damast.it\/en\/#\/schema\/logo\/image\/"},"sameAs":["https:\/\/www.facebook.com\/Damastdoccetteria","https:\/\/x.com\/DamastSrl","https:\/\/www.instagram.com\/damastsrl\/","https:\/\/www.linkedin.com\/company\/damast\/"]}]}},"_links":{"self":[{"href":"https:\/\/www.damast.it\/en\/wp-json\/wp\/v2\/pages\/9270"}],"collection":[{"href":"https:\/\/www.damast.it\/en\/wp-json\/wp\/v2\/pages"}],"about":[{"href":"https:\/\/www.damast.it\/en\/wp-json\/wp\/v2\/types\/page"}],"author":[{"embeddable":true,"href":"https:\/\/www.damast.it\/en\/wp-json\/wp\/v2\/users\/4"}],"replies":[{"embeddable":true,"href":"https:\/\/www.damast.it\/en\/wp-json\/wp\/v2\/comments?post=9270"}],"version-history":[{"count":187,"href":"https:\/\/www.damast.it\/en\/wp-json\/wp\/v2\/pages\/9270\/revisions"}],"predecessor-version":[{"id":9851,"href":"https:\/\/www.damast.it\/en\/wp-json\/wp\/v2\/pages\/9270\/revisions\/9851"}],"wp:attachment":[{"href":"https:\/\/www.damast.it\/en\/wp-json\/wp\/v2\/media?parent=9270"}],"curies":[{"name":"wp","href":"https:\/\/api.w.org\/{rel}","templated":true}]}}